{"id":61,"date":"2021-01-08T11:50:59","date_gmt":"2021-01-08T11:50:59","guid":{"rendered":"http:\/\/logistic.freevision.me\/?page_id=61"},"modified":"2022-06-22T15:46:34","modified_gmt":"2022-06-22T15:46:34","slug":"contact","status":"publish","type":"page","link":"https:\/\/www.wolf-nfz-service.de\/index.php\/contact\/","title":{"rendered":"Kontakt"},"content":{"rendered":"<p>[vc_row bg_parallax=&#8220;off&#8220; css=&#8220;.vc_custom_1414939396526{margin-top: 0px !important;padding-top: 40px !important;}&#8220;][vc_column][vc_column_text]<\/p>\n<h5><\/h5>\n<p><strong>Wolf-Nfz-Service GmbH<\/strong><br \/>\nRautbr\u00fchl 6\u200e<br \/>\n88214 Ravensburg\u200e<br \/>\nTel: +49 751 185275-80<br \/>\nFax: +49 751 185275-90<br \/>\nEmail: <a href=\"mailto:info@wolf-nfz-service.de\">info@wolf-nfz-service.de<\/a><\/p>\n<p>&nbsp;<\/p>\n<p>Au\u00dferhalb der Gesch\u00e4ftszeiten erreichen Sie uns in Notdienstf\u00e4llen unter folgender Nummer:<br \/>\nMobil: +49 172 5374175[\/vc_column_text][vc_separator][vc_column_text]<\/p>\n<h5><\/h5>\n<p><strong>Unsere \u00d6ffnungszeiten<\/strong><br \/>\nMontag &#8211; Freitag:<\/p>\n<p>07:45 &#8211; 12:00 Uhr<br \/>\n13:00 &#8211; 17:15 Uhr \u200e<\/p>\n<p>Samstag:<\/p>\n<p>07:45 &#8211; 13:00 Uhr<\/p>\n<h5><\/h5>\n<p>[\/vc_column_text][vc_separator][\/vc_column][vc_column][\/vc_column][\/vc_row][vc_row bg_parallax=&#8220;off&#8220; css=&#8220;.vc_custom_1414955189376{margin-bottom: 0px !important;padding-bottom: 0px !important;}&#8220;][vc_column width=&#8220;1\/2&#8243;][\/vc_column][\/vc_row][vc_row][vc_column][\/vc_column][\/vc_row]<\/p>\n","protected":false},"excerpt":{"rendered":"<p>[vc_row bg_parallax=&#8220;off&#8220; css=&#8220;.vc_custom_1414939396526{margin-top: 0px !important;padding-top: 40px !important;}&#8220;][vc_column][vc_column_text] Wolf-Nfz-Service GmbH Rautbr\u00fchl 6\u200e 88214 Ravensburg\u200e Tel: +49 751 185275-80 Fax: +49 751 185275-90 Email: info@wolf-nfz-service.de &nbsp; Au\u00dferhalb der Gesch\u00e4ftszeiten erreichen Sie uns [&hellip;]<\/p>\n","protected":false},"author":1,"featured_media":0,"parent":0,"menu_order":4,"comment_status":"open","ping_status":"closed","template":"","meta":{"footnotes":""},"class_list":["post-61","page","type-page","status-publish","hentry"],"_links":{"self":[{"href":"https:\/\/www.wolf-nfz-service.de\/index.php\/wp-json\/wp\/v2\/pages\/61","targetHints":{"allow":["GET"]}}],"collection":[{"href":"https:\/\/www.wolf-nfz-service.de\/index.php\/wp-json\/wp\/v2\/pages"}],"about":[{"href":"https:\/\/www.wolf-nfz-service.de\/index.php\/wp-json\/wp\/v2\/types\/page"}],"author":[{"embeddable":true,"href":"https:\/\/www.wolf-nfz-service.de\/index.php\/wp-json\/wp\/v2\/users\/1"}],"replies":[{"embeddable":true,"href":"https:\/\/www.wolf-nfz-service.de\/index.php\/wp-json\/wp\/v2\/comments?post=61"}],"version-history":[{"count":14,"href":"https:\/\/www.wolf-nfz-service.de\/index.php\/wp-json\/wp\/v2\/pages\/61\/revisions"}],"predecessor-version":[{"id":1996,"href":"https:\/\/www.wolf-nfz-service.de\/index.php\/wp-json\/wp\/v2\/pages\/61\/revisions\/1996"}],"wp:attachment":[{"href":"https:\/\/www.wolf-nfz-service.de\/index.php\/wp-json\/wp\/v2\/media?parent=61"}],"curies":[{"name":"wp","href":"https:\/\/api.w.org\/{rel}","templated":true}]}}