{"id":1961,"date":"2021-06-26T10:29:45","date_gmt":"2021-06-26T10:29:45","guid":{"rendered":"https:\/\/www.wolf-nfz-service.de\/?page_id=1961"},"modified":"2022-06-22T15:42:08","modified_gmt":"2022-06-22T15:42:08","slug":"jobs","status":"publish","type":"page","link":"https:\/\/www.wolf-nfz-service.de\/index.php\/jobs\/","title":{"rendered":"Wir suchen Sie!"},"content":{"rendered":"<p>Die Wolf-Nfz-Service GmbH ist eine Volvo Trucks &amp; Renault Trucks Vertragswerkstatt am Standort Ravensburg mit einem Einzugsgebiet von ca. 100km. Neben den Vertragsmarken \u00fcbernehmen wir Servicedienstleistungen f\u00fcr andere Fabrikaten, sowie Aufliegern und Anh\u00e4ngern. F\u00fcr den Ausbau unseres jungen Teams suchen wir Verst\u00e4rkung in unserer Verwaltung und Werkstatt.<\/p>\n<p>Nachfolgend finden Sie unsere aktuellen Stellenanzeigen:<\/p>\n<h1><strong><em>Kfz-Mechatroniker Nutzfahrzeugtechnik (m\/w\/d)<\/em><\/strong><\/h1>\n<h2><strong>Ihre Aufgaben<\/strong><\/h2>\n<ul>\n<li>Durchf\u00fchrung der Fehlerdiagnose, Feststellung und Behebung von St\u00f6rungsursachen<\/li>\n<li>Fachgerechtes und selbst\u00e4ndiges Ausf\u00fchren von Reparaturen an Nutzfahrzeugen inkl. Anh\u00e4nger und Auflieger<\/li>\n<li>Montage von elektrischen, mechanischen, sowie hydraulischen Komponenten und deren Installation<\/li>\n<li>Endkontrolle der Auftr\u00e4ge durch eigenst\u00e4ndiges Probefahren und Freigabe der Fahrzeuge<\/li>\n<\/ul>\n<h2><strong>Ihre Qualifikationen<\/strong><\/h2>\n<ul>\n<li>Abgeschlossene Ausbildung zum Mechatroniker (m\/w\/d) oder Elektroniker (m\/w\/d), bevorzugt Schwerpunkt Nutzfahrzeugtechnik<\/li>\n<li>Kenntnisse und Berufserfahrung in der Nutzfahrzeugtechnik\/-elektrik<\/li>\n<li>F\u00fchrerschein der Klasse CE von Vorteil<\/li>\n<li>Gewissenhaftigkeit und Zuverl\u00e4ssigkeit sowie die F\u00e4higkeit im Team zu arbeiten<\/li>\n<li>Leidenschaft f\u00fcr Technik und offen f\u00fcr neue Herausforderungen<\/li>\n<\/ul>\n<p><img loading=\"lazy\" decoding=\"async\" class=\"wp-image-1918 aligncenter\" src=\"https:\/\/www.wolf-nfz-service.de\/wp-content\/uploads\/2021\/01\/T2019_0161.jpg\" alt=\"\" width=\"830\" height=\"553\" srcset=\"https:\/\/www.wolf-nfz-service.de\/wp-content\/uploads\/2021\/01\/T2019_0161.jpg 512w, https:\/\/www.wolf-nfz-service.de\/wp-content\/uploads\/2021\/01\/T2019_0161-300x200.jpg 300w\" sizes=\"auto, (max-width: 830px) 100vw, 830px\" \/><\/p>\n<h1><strong>Wir bieten<\/strong><\/h1>\n<ul>\n<li>Ein breites Aufgabengebiet durch zwei Vertragsmarken, sowie weiteren Fabrikaten<\/li>\n<li>Leistungsgerechte Verg\u00fctung<\/li>\n<li>Umfangreiche Qualifizierungsm\u00f6glichkeiten durch fachspezifische Schulungen<\/li>\n<li>Individuelle Entwicklungsm\u00f6glichkeiten<\/li>\n<li>Famili\u00e4res Unternehmen mit schnellen Entscheidungswegen und Teamgeist<\/li>\n<\/ul>\n<p><strong>\u00a0<\/strong><strong>\u00a0<\/strong><\/p>\n<h2><strong>Wir freuen uns auf Ihre Bewerbung!<\/strong><\/h2>\n<p>Bei Interesse senden Sie gerne Ihre Bewerbungsunterlagen an folgende Adresse (per Post oder Mail).<\/p>\n<p>Wolf-Nfz-Service GmbH<br \/>\nz.H. Christoph Wolf<br \/>\nRautbr\u00fchl 6<br \/>\n88214 Ravensburg<\/p>\n<p>Mail: christoph.wolf@wolf-nfz-service.de<\/p>\n<p>&nbsp;<\/p>\n<p>&nbsp;<\/p>\n","protected":false},"excerpt":{"rendered":"<p>Die Wolf-Nfz-Service GmbH ist eine Volvo Trucks &amp; Renault Trucks Vertragswerkstatt am Standort Ravensburg mit einem Einzugsgebiet von ca. 100km. Neben den Vertragsmarken \u00fcbernehmen wir Servicedienstleistungen f\u00fcr andere Fabrikaten, sowie [&hellip;]<\/p>\n","protected":false},"author":2,"featured_media":0,"parent":0,"menu_order":0,"comment_status":"closed","ping_status":"closed","template":"","meta":{"footnotes":""},"class_list":["post-1961","page","type-page","status-publish","hentry"],"_links":{"self":[{"href":"https:\/\/www.wolf-nfz-service.de\/index.php\/wp-json\/wp\/v2\/pages\/1961","targetHints":{"allow":["GET"]}}],"collection":[{"href":"https:\/\/www.wolf-nfz-service.de\/index.php\/wp-json\/wp\/v2\/pages"}],"about":[{"href":"https:\/\/www.wolf-nfz-service.de\/index.php\/wp-json\/wp\/v2\/types\/page"}],"author":[{"embeddable":true,"href":"https:\/\/www.wolf-nfz-service.de\/index.php\/wp-json\/wp\/v2\/users\/2"}],"replies":[{"embeddable":true,"href":"https:\/\/www.wolf-nfz-service.de\/index.php\/wp-json\/wp\/v2\/comments?post=1961"}],"version-history":[{"count":11,"href":"https:\/\/www.wolf-nfz-service.de\/index.php\/wp-json\/wp\/v2\/pages\/1961\/revisions"}],"predecessor-version":[{"id":1994,"href":"https:\/\/www.wolf-nfz-service.de\/index.php\/wp-json\/wp\/v2\/pages\/1961\/revisions\/1994"}],"wp:attachment":[{"href":"https:\/\/www.wolf-nfz-service.de\/index.php\/wp-json\/wp\/v2\/media?parent=1961"}],"curies":[{"name":"wp","href":"https:\/\/api.w.org\/{rel}","templated":true}]}}