{"id":1951,"date":"2021-01-23T14:09:32","date_gmt":"2021-01-23T14:09:32","guid":{"rendered":"https:\/\/www.wolf-nfz-service.de\/?page_id=1951"},"modified":"2021-01-23T14:09:45","modified_gmt":"2021-01-23T14:09:45","slug":"agb","status":"publish","type":"page","link":"https:\/\/www.wolf-nfz-service.de\/index.php\/contact\/agb\/","title":{"rendered":"Allgemeine Gesch\u00e4ftsbedingungen (AGB)"},"content":{"rendered":"<p>Folgend finden Sie unsere aktuell g\u00fcltigen Allgemeinen Gesch\u00e4ftsbedingungen:<\/p>\n<h5>Werkstattauftrag<br \/>\n<a href=\"https:\/\/www.wolf-nfz-service.de\/wp-content\/uploads\/2021\/01\/AGB_Wolf-Nfz-Service-GmbH_Werkstattauftrag_202101.pdf\">AGB_Wolf-Nfz-Service GmbH_Werkstattauftrag_202101<\/a><\/h5>\n<h5>Verkauf von Fahrzeugteilen<br \/>\n<a href=\"https:\/\/www.wolf-nfz-service.de\/wp-content\/uploads\/2021\/01\/AGB_Wolf-Nfz-Service-GmbH_Verkauf-Fahrzeugteile_202101.pdf\">AGB_Wolf-Nfz-Service GmbH_Verkauf Fahrzeugteile_202101<\/a><\/h5>\n<p>&nbsp;<\/p>\n","protected":false},"excerpt":{"rendered":"<p>Folgend finden Sie unsere aktuell g\u00fcltigen Allgemeinen Gesch\u00e4ftsbedingungen: Werkstattauftrag AGB_Wolf-Nfz-Service GmbH_Werkstattauftrag_202101 Verkauf von Fahrzeugteilen AGB_Wolf-Nfz-Service GmbH_Verkauf Fahrzeugteile_202101 &nbsp;<\/p>\n","protected":false},"author":2,"featured_media":0,"parent":61,"menu_order":0,"comment_status":"closed","ping_status":"closed","template":"","meta":{"footnotes":""},"class_list":["post-1951","page","type-page","status-publish","hentry"],"_links":{"self":[{"href":"https:\/\/www.wolf-nfz-service.de\/index.php\/wp-json\/wp\/v2\/pages\/1951","targetHints":{"allow":["GET"]}}],"collection":[{"href":"https:\/\/www.wolf-nfz-service.de\/index.php\/wp-json\/wp\/v2\/pages"}],"about":[{"href":"https:\/\/www.wolf-nfz-service.de\/index.php\/wp-json\/wp\/v2\/types\/page"}],"author":[{"embeddable":true,"href":"https:\/\/www.wolf-nfz-service.de\/index.php\/wp-json\/wp\/v2\/users\/2"}],"replies":[{"embeddable":true,"href":"https:\/\/www.wolf-nfz-service.de\/index.php\/wp-json\/wp\/v2\/comments?post=1951"}],"version-history":[{"count":1,"href":"https:\/\/www.wolf-nfz-service.de\/index.php\/wp-json\/wp\/v2\/pages\/1951\/revisions"}],"predecessor-version":[{"id":1954,"href":"https:\/\/www.wolf-nfz-service.de\/index.php\/wp-json\/wp\/v2\/pages\/1951\/revisions\/1954"}],"up":[{"embeddable":true,"href":"https:\/\/www.wolf-nfz-service.de\/index.php\/wp-json\/wp\/v2\/pages\/61"}],"wp:attachment":[{"href":"https:\/\/www.wolf-nfz-service.de\/index.php\/wp-json\/wp\/v2\/media?parent=1951"}],"curies":[{"name":"wp","href":"https:\/\/api.w.org\/{rel}","templated":true}]}}