{"id":1880,"date":"2020-08-11T18:44:41","date_gmt":"2020-08-11T18:44:41","guid":{"rendered":"https:\/\/www.wolf-nfz-service.de\/?page_id=1880"},"modified":"2020-08-11T18:44:41","modified_gmt":"2020-08-11T18:44:41","slug":"impressum","status":"publish","type":"page","link":"https:\/\/www.wolf-nfz-service.de\/index.php\/contact\/impressum\/","title":{"rendered":"Impressum"},"content":{"rendered":"<p><strong>Inhaltlich verantwortlich<\/strong><\/p>\n<p>Wolf-Nfz-Service GmbH<\/p>\n<p>Rautbr\u00fchl 6<\/p>\n<p>88214 Ravensburg<\/p>\n<p>&nbsp;<\/p>\n<p><strong>Gesch\u00e4ftsf\u00fchrer<\/strong><\/p>\n<p>Christoph Wolf<\/p>\n<p>&nbsp;<\/p>\n<p><strong>Kontaktaufnahme<\/strong><\/p>\n<p>Tel.-Nr.: 0751 185275-80<\/p>\n<p>Fax: 0751 185275-90<\/p>\n<p>E-Mail: info@wolf-nfz-service.de<\/p>\n<p>&nbsp;<\/p>\n<p><strong>Umsatzsteuer- Identifikationsnummer gem. \u00a7 27 a Umsatzsteuergesetz:<\/strong><\/p>\n<p>DE 326 907 087<\/p>\n","protected":false},"excerpt":{"rendered":"<p>Inhaltlich verantwortlich Wolf-Nfz-Service GmbH Rautbr\u00fchl 6 88214 Ravensburg &nbsp; Gesch\u00e4ftsf\u00fchrer Christoph Wolf &nbsp; Kontaktaufnahme Tel.-Nr.: 0751 185275-80 Fax: 0751 185275-90 E-Mail: info@wolf-nfz-service.de &nbsp; Umsatzsteuer- Identifikationsnummer gem. \u00a7 27 a Umsatzsteuergesetz: [&hellip;]<\/p>\n","protected":false},"author":2,"featured_media":0,"parent":61,"menu_order":0,"comment_status":"closed","ping_status":"closed","template":"","meta":{"footnotes":""},"class_list":["post-1880","page","type-page","status-publish","hentry"],"_links":{"self":[{"href":"https:\/\/www.wolf-nfz-service.de\/index.php\/wp-json\/wp\/v2\/pages\/1880","targetHints":{"allow":["GET"]}}],"collection":[{"href":"https:\/\/www.wolf-nfz-service.de\/index.php\/wp-json\/wp\/v2\/pages"}],"about":[{"href":"https:\/\/www.wolf-nfz-service.de\/index.php\/wp-json\/wp\/v2\/types\/page"}],"author":[{"embeddable":true,"href":"https:\/\/www.wolf-nfz-service.de\/index.php\/wp-json\/wp\/v2\/users\/2"}],"replies":[{"embeddable":true,"href":"https:\/\/www.wolf-nfz-service.de\/index.php\/wp-json\/wp\/v2\/comments?post=1880"}],"version-history":[{"count":1,"href":"https:\/\/www.wolf-nfz-service.de\/index.php\/wp-json\/wp\/v2\/pages\/1880\/revisions"}],"predecessor-version":[{"id":1881,"href":"https:\/\/www.wolf-nfz-service.de\/index.php\/wp-json\/wp\/v2\/pages\/1880\/revisions\/1881"}],"up":[{"embeddable":true,"href":"https:\/\/www.wolf-nfz-service.de\/index.php\/wp-json\/wp\/v2\/pages\/61"}],"wp:attachment":[{"href":"https:\/\/www.wolf-nfz-service.de\/index.php\/wp-json\/wp\/v2\/media?parent=1880"}],"curies":[{"name":"wp","href":"https:\/\/api.w.org\/{rel}","templated":true}]}}